{"id":1065,"date":"2018-07-26T14:10:25","date_gmt":"2018-07-26T14:10:25","guid":{"rendered":"https:\/\/sinutagroup.com\/home\/"},"modified":"2026-03-18T17:52:30","modified_gmt":"2026-03-18T17:52:30","slug":"home","status":"publish","type":"page","link":"https:\/\/sinutagroup.com\/es\/","title":{"rendered":"Home"},"content":{"rendered":"","protected":false},"excerpt":{"rendered":"<p>O mundo est\u00e1 repleto de oportunidades e no Grupo Sinuta estamos na linha da frente na transforma\u00e7\u00e3o destas oportunidades infinitas em realidade!<\/p>\n","protected":false},"author":1,"featured_media":1067,"parent":0,"menu_order":0,"comment_status":"open","ping_status":"open","template":"","meta":{"footnotes":""},"class_list":["post-1065","page","type-page","status-publish","has-post-thumbnail","hentry"],"_links":{"self":[{"href":"https:\/\/sinutagroup.com\/es\/wp-json\/wp\/v2\/pages\/1065","targetHints":{"allow":["GET"]}}],"collection":[{"href":"https:\/\/sinutagroup.com\/es\/wp-json\/wp\/v2\/pages"}],"about":[{"href":"https:\/\/sinutagroup.com\/es\/wp-json\/wp\/v2\/types\/page"}],"author":[{"embeddable":true,"href":"https:\/\/sinutagroup.com\/es\/wp-json\/wp\/v2\/users\/1"}],"replies":[{"embeddable":true,"href":"https:\/\/sinutagroup.com\/es\/wp-json\/wp\/v2\/comments?post=1065"}],"version-history":[{"count":1,"href":"https:\/\/sinutagroup.com\/es\/wp-json\/wp\/v2\/pages\/1065\/revisions"}],"predecessor-version":[{"id":1068,"href":"https:\/\/sinutagroup.com\/es\/wp-json\/wp\/v2\/pages\/1065\/revisions\/1068"}],"wp:featuredmedia":[{"embeddable":true,"href":"https:\/\/sinutagroup.com\/es\/wp-json\/wp\/v2\/media\/1067"}],"wp:attachment":[{"href":"https:\/\/sinutagroup.com\/es\/wp-json\/wp\/v2\/media?parent=1065"}],"curies":[{"name":"wp","href":"https:\/\/api.w.org\/{rel}","templated":true}]}}