{"id":873,"date":"2025-01-15T11:35:23","date_gmt":"2025-01-15T11:35:23","guid":{"rendered":"https:\/\/sinutagroup.com\/nuestro-camino\/"},"modified":"2025-04-21T15:04:11","modified_gmt":"2025-04-21T15:04:11","slug":"nuestro-camino","status":"publish","type":"page","link":"https:\/\/sinutagroup.com\/es\/nuestro-camino\/","title":{"rendered":"Nuestro Camino"},"content":{"rendered":"","protected":false},"excerpt":{"rendered":"<p>\u00a1Conozca nuestro camino! \u00c9rase una vez una empresa que fabricaba antenas parab\u00f3licas y se convirti\u00f3 en un grupo con oportunidades infinitas.  <\/p>\n","protected":false},"author":1,"featured_media":874,"parent":0,"menu_order":0,"comment_status":"closed","ping_status":"closed","template":"","meta":{"footnotes":""},"class_list":["post-873","page","type-page","status-publish","has-post-thumbnail","hentry"],"_links":{"self":[{"href":"https:\/\/sinutagroup.com\/es\/wp-json\/wp\/v2\/pages\/873","targetHints":{"allow":["GET"]}}],"collection":[{"href":"https:\/\/sinutagroup.com\/es\/wp-json\/wp\/v2\/pages"}],"about":[{"href":"https:\/\/sinutagroup.com\/es\/wp-json\/wp\/v2\/types\/page"}],"author":[{"embeddable":true,"href":"https:\/\/sinutagroup.com\/es\/wp-json\/wp\/v2\/users\/1"}],"replies":[{"embeddable":true,"href":"https:\/\/sinutagroup.com\/es\/wp-json\/wp\/v2\/comments?post=873"}],"version-history":[{"count":1,"href":"https:\/\/sinutagroup.com\/es\/wp-json\/wp\/v2\/pages\/873\/revisions"}],"predecessor-version":[{"id":875,"href":"https:\/\/sinutagroup.com\/es\/wp-json\/wp\/v2\/pages\/873\/revisions\/875"}],"wp:featuredmedia":[{"embeddable":true,"href":"https:\/\/sinutagroup.com\/es\/wp-json\/wp\/v2\/media\/874"}],"wp:attachment":[{"href":"https:\/\/sinutagroup.com\/es\/wp-json\/wp\/v2\/media?parent=873"}],"curies":[{"name":"wp","href":"https:\/\/api.w.org\/{rel}","templated":true}]}}