{"id":879,"date":"2025-01-15T12:15:35","date_gmt":"2025-01-15T12:15:35","guid":{"rendered":"https:\/\/sinutagroup.com\/lo-que-nos-guia\/"},"modified":"2025-04-16T16:34:47","modified_gmt":"2025-04-16T16:34:47","slug":"lo-que-nos-guia","status":"publish","type":"page","link":"https:\/\/sinutagroup.com\/es\/lo-que-nos-guia\/","title":{"rendered":"Lo que nos Gu\u00eda"},"content":{"rendered":"","protected":false},"excerpt":{"rendered":"<p>Conoce lo que nos gu\u00eda: nuestra misi\u00f3n, nuestra visi\u00f3n, nuestro prop\u00f3sito y nuestros valores. \u00a1Nos impulsan a buscar las infinitas oportunidades que tenemos por delante! <\/p>\n","protected":false},"author":1,"featured_media":880,"parent":0,"menu_order":0,"comment_status":"closed","ping_status":"closed","template":"","meta":{"footnotes":""},"class_list":["post-879","page","type-page","status-publish","has-post-thumbnail","hentry"],"_links":{"self":[{"href":"https:\/\/sinutagroup.com\/es\/wp-json\/wp\/v2\/pages\/879","targetHints":{"allow":["GET"]}}],"collection":[{"href":"https:\/\/sinutagroup.com\/es\/wp-json\/wp\/v2\/pages"}],"about":[{"href":"https:\/\/sinutagroup.com\/es\/wp-json\/wp\/v2\/types\/page"}],"author":[{"embeddable":true,"href":"https:\/\/sinutagroup.com\/es\/wp-json\/wp\/v2\/users\/1"}],"replies":[{"embeddable":true,"href":"https:\/\/sinutagroup.com\/es\/wp-json\/wp\/v2\/comments?post=879"}],"version-history":[{"count":1,"href":"https:\/\/sinutagroup.com\/es\/wp-json\/wp\/v2\/pages\/879\/revisions"}],"predecessor-version":[{"id":881,"href":"https:\/\/sinutagroup.com\/es\/wp-json\/wp\/v2\/pages\/879\/revisions\/881"}],"wp:featuredmedia":[{"embeddable":true,"href":"https:\/\/sinutagroup.com\/es\/wp-json\/wp\/v2\/media\/880"}],"wp:attachment":[{"href":"https:\/\/sinutagroup.com\/es\/wp-json\/wp\/v2\/media?parent=879"}],"curies":[{"name":"wp","href":"https:\/\/api.w.org\/{rel}","templated":true}]}}