{"id":903,"date":"2025-01-15T17:27:08","date_gmt":"2025-01-15T17:27:08","guid":{"rendered":"https:\/\/sinutagroup.com\/energia-medio-ambiente\/"},"modified":"2025-04-17T15:46:41","modified_gmt":"2025-04-17T15:46:41","slug":"energia-medio-ambiente","status":"publish","type":"page","link":"https:\/\/sinutagroup.com\/es\/energia-medio-ambiente\/","title":{"rendered":"Energ\u00eda &amp; Medio Ambiente"},"content":{"rendered":"","protected":false},"excerpt":{"rendered":"<p>La sostenibilidad es m\u00e1s que un negocio, es una misi\u00f3n. El Grupo Sinuta trabaja en el sector de Energ\u00eda y Medio Ambiente en tres \u00e1reas principales. <\/p>\n","protected":false},"author":1,"featured_media":904,"parent":0,"menu_order":0,"comment_status":"closed","ping_status":"closed","template":"","meta":{"footnotes":""},"class_list":["post-903","page","type-page","status-publish","has-post-thumbnail","hentry"],"_links":{"self":[{"href":"https:\/\/sinutagroup.com\/es\/wp-json\/wp\/v2\/pages\/903","targetHints":{"allow":["GET"]}}],"collection":[{"href":"https:\/\/sinutagroup.com\/es\/wp-json\/wp\/v2\/pages"}],"about":[{"href":"https:\/\/sinutagroup.com\/es\/wp-json\/wp\/v2\/types\/page"}],"author":[{"embeddable":true,"href":"https:\/\/sinutagroup.com\/es\/wp-json\/wp\/v2\/users\/1"}],"replies":[{"embeddable":true,"href":"https:\/\/sinutagroup.com\/es\/wp-json\/wp\/v2\/comments?post=903"}],"version-history":[{"count":1,"href":"https:\/\/sinutagroup.com\/es\/wp-json\/wp\/v2\/pages\/903\/revisions"}],"predecessor-version":[{"id":905,"href":"https:\/\/sinutagroup.com\/es\/wp-json\/wp\/v2\/pages\/903\/revisions\/905"}],"wp:featuredmedia":[{"embeddable":true,"href":"https:\/\/sinutagroup.com\/es\/wp-json\/wp\/v2\/media\/904"}],"wp:attachment":[{"href":"https:\/\/sinutagroup.com\/es\/wp-json\/wp\/v2\/media?parent=903"}],"curies":[{"name":"wp","href":"https:\/\/api.w.org\/{rel}","templated":true}]}}