{"id":909,"date":"2025-01-15T17:28:32","date_gmt":"2025-01-15T17:28:32","guid":{"rendered":"https:\/\/sinutagroup.com\/competencias\/"},"modified":"2025-01-15T17:28:32","modified_gmt":"2025-01-15T17:28:32","slug":"competencias","status":"publish","type":"page","link":"https:\/\/sinutagroup.com\/es\/competencias\/","title":{"rendered":"Competencias"},"content":{"rendered":"","protected":false},"excerpt":{"rendered":"<p>El an\u00e1lisis y el desarrollo, la creaci\u00f3n de prototipos, la industrializaci\u00f3n y la producci\u00f3n, as\u00ed como el comercio global, son algunas de las principales competencias del Grupo Sinuta.<\/p>\n","protected":false},"author":1,"featured_media":910,"parent":0,"menu_order":0,"comment_status":"closed","ping_status":"closed","template":"","meta":{"footnotes":""},"class_list":["post-909","page","type-page","status-publish","has-post-thumbnail","hentry"],"_links":{"self":[{"href":"https:\/\/sinutagroup.com\/es\/wp-json\/wp\/v2\/pages\/909","targetHints":{"allow":["GET"]}}],"collection":[{"href":"https:\/\/sinutagroup.com\/es\/wp-json\/wp\/v2\/pages"}],"about":[{"href":"https:\/\/sinutagroup.com\/es\/wp-json\/wp\/v2\/types\/page"}],"author":[{"embeddable":true,"href":"https:\/\/sinutagroup.com\/es\/wp-json\/wp\/v2\/users\/1"}],"replies":[{"embeddable":true,"href":"https:\/\/sinutagroup.com\/es\/wp-json\/wp\/v2\/comments?post=909"}],"version-history":[{"count":0,"href":"https:\/\/sinutagroup.com\/es\/wp-json\/wp\/v2\/pages\/909\/revisions"}],"wp:featuredmedia":[{"embeddable":true,"href":"https:\/\/sinutagroup.com\/es\/wp-json\/wp\/v2\/media\/910"}],"wp:attachment":[{"href":"https:\/\/sinutagroup.com\/es\/wp-json\/wp\/v2\/media?parent=909"}],"curies":[{"name":"wp","href":"https:\/\/api.w.org\/{rel}","templated":true}]}}