{"id":911,"date":"2025-01-15T14:38:43","date_gmt":"2025-01-15T14:38:43","guid":{"rendered":"https:\/\/sinutagroup.com\/innovacion\/"},"modified":"2025-09-23T14:06:18","modified_gmt":"2025-09-23T14:06:18","slug":"innovacion","status":"publish","type":"page","link":"https:\/\/sinutagroup.com\/es\/innovacion\/","title":{"rendered":"Innovaci\u00f3n"},"content":{"rendered":"","protected":false},"excerpt":{"rendered":"<p>\u00a1Descubra hacia d\u00f3nde vamos! El futuro es nuestro presente, por eso invertimos mucho en investigaci\u00f3n e innovaci\u00f3n.  <\/p>\n","protected":false},"author":1,"featured_media":912,"parent":0,"menu_order":0,"comment_status":"closed","ping_status":"closed","template":"","meta":{"footnotes":""},"class_list":["post-911","page","type-page","status-publish","has-post-thumbnail","hentry"],"_links":{"self":[{"href":"https:\/\/sinutagroup.com\/es\/wp-json\/wp\/v2\/pages\/911","targetHints":{"allow":["GET"]}}],"collection":[{"href":"https:\/\/sinutagroup.com\/es\/wp-json\/wp\/v2\/pages"}],"about":[{"href":"https:\/\/sinutagroup.com\/es\/wp-json\/wp\/v2\/types\/page"}],"author":[{"embeddable":true,"href":"https:\/\/sinutagroup.com\/es\/wp-json\/wp\/v2\/users\/1"}],"replies":[{"embeddable":true,"href":"https:\/\/sinutagroup.com\/es\/wp-json\/wp\/v2\/comments?post=911"}],"version-history":[{"count":1,"href":"https:\/\/sinutagroup.com\/es\/wp-json\/wp\/v2\/pages\/911\/revisions"}],"predecessor-version":[{"id":913,"href":"https:\/\/sinutagroup.com\/es\/wp-json\/wp\/v2\/pages\/911\/revisions\/913"}],"wp:featuredmedia":[{"embeddable":true,"href":"https:\/\/sinutagroup.com\/es\/wp-json\/wp\/v2\/media\/912"}],"wp:attachment":[{"href":"https:\/\/sinutagroup.com\/es\/wp-json\/wp\/v2\/media?parent=911"}],"curies":[{"name":"wp","href":"https:\/\/api.w.org\/{rel}","templated":true}]}}