{"id":315,"date":"2025-01-15T17:28:32","date_gmt":"2025-01-15T17:28:32","guid":{"rendered":"https:\/\/developweb.sinutagroup.com\/competencias\/"},"modified":"2025-04-15T14:46:55","modified_gmt":"2025-04-15T14:46:55","slug":"competencias","status":"publish","type":"page","link":"https:\/\/sinutagroup.com\/pt-pt\/competencias\/","title":{"rendered":"Compet\u00eancias"},"content":{"rendered":"","protected":false},"excerpt":{"rendered":"<p>An\u00e1lise e Desenvolvimento, Prototipagem, Industrializa\u00e7\u00e3o e Produ\u00e7\u00e3o e Comercializa\u00e7\u00e3o Global est\u00e3o entre as principais compet\u00eancias do Grupo Sinuta!<\/p>\n","protected":false},"author":1,"featured_media":395,"parent":0,"menu_order":0,"comment_status":"closed","ping_status":"closed","template":"","meta":{"footnotes":""},"class_list":["post-315","page","type-page","status-publish","has-post-thumbnail","hentry"],"_links":{"self":[{"href":"https:\/\/sinutagroup.com\/pt-pt\/wp-json\/wp\/v2\/pages\/315","targetHints":{"allow":["GET"]}}],"collection":[{"href":"https:\/\/sinutagroup.com\/pt-pt\/wp-json\/wp\/v2\/pages"}],"about":[{"href":"https:\/\/sinutagroup.com\/pt-pt\/wp-json\/wp\/v2\/types\/page"}],"author":[{"embeddable":true,"href":"https:\/\/sinutagroup.com\/pt-pt\/wp-json\/wp\/v2\/users\/1"}],"replies":[{"embeddable":true,"href":"https:\/\/sinutagroup.com\/pt-pt\/wp-json\/wp\/v2\/comments?post=315"}],"version-history":[{"count":1,"href":"https:\/\/sinutagroup.com\/pt-pt\/wp-json\/wp\/v2\/pages\/315\/revisions"}],"predecessor-version":[{"id":316,"href":"https:\/\/sinutagroup.com\/pt-pt\/wp-json\/wp\/v2\/pages\/315\/revisions\/316"}],"wp:featuredmedia":[{"embeddable":true,"href":"https:\/\/sinutagroup.com\/pt-pt\/wp-json\/wp\/v2\/media\/395"}],"wp:attachment":[{"href":"https:\/\/sinutagroup.com\/pt-pt\/wp-json\/wp\/v2\/media?parent=315"}],"curies":[{"name":"wp","href":"https:\/\/api.w.org\/{rel}","templated":true}]}}