{"id":317,"date":"2018-08-08T10:59:55","date_gmt":"2018-08-08T10:59:55","guid":{"rendered":"https:\/\/developweb.sinutagroup.com\/contacte-nos\/"},"modified":"2025-04-15T14:47:42","modified_gmt":"2025-04-15T14:47:42","slug":"contacte-nos","status":"publish","type":"page","link":"https:\/\/sinutagroup.com\/pt-pt\/contacte-nos\/","title":{"rendered":"Contacte-nos"},"content":{"rendered":"","protected":false},"excerpt":{"rendered":"<p>Tem alguma quest\u00e3o?Entre em contacto connosco! Poder\u00e1 utilizar o formul\u00e1rio de contacto ou um dos contactos gerais do Grupo.  <\/p>\n","protected":false},"author":1,"featured_media":219,"parent":0,"menu_order":0,"comment_status":"open","ping_status":"closed","template":"","meta":{"footnotes":""},"class_list":["post-317","page","type-page","status-publish","has-post-thumbnail","hentry"],"_links":{"self":[{"href":"https:\/\/sinutagroup.com\/pt-pt\/wp-json\/wp\/v2\/pages\/317","targetHints":{"allow":["GET"]}}],"collection":[{"href":"https:\/\/sinutagroup.com\/pt-pt\/wp-json\/wp\/v2\/pages"}],"about":[{"href":"https:\/\/sinutagroup.com\/pt-pt\/wp-json\/wp\/v2\/types\/page"}],"author":[{"embeddable":true,"href":"https:\/\/sinutagroup.com\/pt-pt\/wp-json\/wp\/v2\/users\/1"}],"replies":[{"embeddable":true,"href":"https:\/\/sinutagroup.com\/pt-pt\/wp-json\/wp\/v2\/comments?post=317"}],"version-history":[{"count":2,"href":"https:\/\/sinutagroup.com\/pt-pt\/wp-json\/wp\/v2\/pages\/317\/revisions"}],"predecessor-version":[{"id":829,"href":"https:\/\/sinutagroup.com\/pt-pt\/wp-json\/wp\/v2\/pages\/317\/revisions\/829"}],"wp:featuredmedia":[{"embeddable":true,"href":"https:\/\/sinutagroup.com\/pt-pt\/wp-json\/wp\/v2\/media\/219"}],"wp:attachment":[{"href":"https:\/\/sinutagroup.com\/pt-pt\/wp-json\/wp\/v2\/media?parent=317"}],"curies":[{"name":"wp","href":"https:\/\/api.w.org\/{rel}","templated":true}]}}