{"id":321,"date":"2025-01-15T17:27:36","date_gmt":"2025-01-15T17:27:36","guid":{"rendered":"https:\/\/developweb.sinutagroup.com\/saude-bem-estar\/"},"modified":"2025-04-15T16:12:33","modified_gmt":"2025-04-15T16:12:33","slug":"saude-bem-estar","status":"publish","type":"page","link":"https:\/\/sinutagroup.com\/pt-pt\/saude-bem-estar\/","title":{"rendered":"Sa\u00fade &amp; Bem-Estar"},"content":{"rendered":"","protected":false},"excerpt":{"rendered":"<p>O Grupo Sinuta trabalha no setor das solu\u00e7\u00f5es para cuidados de sa\u00fade desde 2015, desenvolvendo solu\u00e7\u00f5es para facilitar a presta\u00e7\u00e3o de cuidados de sa\u00fade e bem-estar.<\/p>\n","protected":false},"author":1,"featured_media":207,"parent":0,"menu_order":0,"comment_status":"closed","ping_status":"closed","template":"","meta":{"footnotes":""},"class_list":["post-321","page","type-page","status-publish","has-post-thumbnail","hentry"],"_links":{"self":[{"href":"https:\/\/sinutagroup.com\/pt-pt\/wp-json\/wp\/v2\/pages\/321","targetHints":{"allow":["GET"]}}],"collection":[{"href":"https:\/\/sinutagroup.com\/pt-pt\/wp-json\/wp\/v2\/pages"}],"about":[{"href":"https:\/\/sinutagroup.com\/pt-pt\/wp-json\/wp\/v2\/types\/page"}],"author":[{"embeddable":true,"href":"https:\/\/sinutagroup.com\/pt-pt\/wp-json\/wp\/v2\/users\/1"}],"replies":[{"embeddable":true,"href":"https:\/\/sinutagroup.com\/pt-pt\/wp-json\/wp\/v2\/comments?post=321"}],"version-history":[{"count":1,"href":"https:\/\/sinutagroup.com\/pt-pt\/wp-json\/wp\/v2\/pages\/321\/revisions"}],"predecessor-version":[{"id":322,"href":"https:\/\/sinutagroup.com\/pt-pt\/wp-json\/wp\/v2\/pages\/321\/revisions\/322"}],"wp:featuredmedia":[{"embeddable":true,"href":"https:\/\/sinutagroup.com\/pt-pt\/wp-json\/wp\/v2\/media\/207"}],"wp:attachment":[{"href":"https:\/\/sinutagroup.com\/pt-pt\/wp-json\/wp\/v2\/media?parent=321"}],"curies":[{"name":"wp","href":"https:\/\/api.w.org\/{rel}","templated":true}]}}