{"id":323,"date":"2025-01-15T17:32:36","date_gmt":"2025-01-15T17:32:36","guid":{"rendered":"https:\/\/developweb.sinutagroup.com\/junte-se-a-equipa\/"},"modified":"2025-04-16T15:12:46","modified_gmt":"2025-04-16T15:12:46","slug":"junte-se-a-equipa","status":"publish","type":"page","link":"https:\/\/sinutagroup.com\/pt-pt\/junte-se-a-equipa\/","title":{"rendered":"Junte-se \u00e0 Equipa"},"content":{"rendered":"","protected":false},"excerpt":{"rendered":"<p>Est\u00e1 preparado para fazer parte de uma equipa com oportunidades infinitas? Por favor preencha o formul\u00e1rio para submeter a sua candidatura para trabalhar connosco.<\/p>\n","protected":false},"author":1,"featured_media":223,"parent":0,"menu_order":0,"comment_status":"closed","ping_status":"closed","template":"","meta":{"footnotes":""},"class_list":["post-323","page","type-page","status-publish","has-post-thumbnail","hentry"],"_links":{"self":[{"href":"https:\/\/sinutagroup.com\/pt-pt\/wp-json\/wp\/v2\/pages\/323","targetHints":{"allow":["GET"]}}],"collection":[{"href":"https:\/\/sinutagroup.com\/pt-pt\/wp-json\/wp\/v2\/pages"}],"about":[{"href":"https:\/\/sinutagroup.com\/pt-pt\/wp-json\/wp\/v2\/types\/page"}],"author":[{"embeddable":true,"href":"https:\/\/sinutagroup.com\/pt-pt\/wp-json\/wp\/v2\/users\/1"}],"replies":[{"embeddable":true,"href":"https:\/\/sinutagroup.com\/pt-pt\/wp-json\/wp\/v2\/comments?post=323"}],"version-history":[{"count":1,"href":"https:\/\/sinutagroup.com\/pt-pt\/wp-json\/wp\/v2\/pages\/323\/revisions"}],"predecessor-version":[{"id":326,"href":"https:\/\/sinutagroup.com\/pt-pt\/wp-json\/wp\/v2\/pages\/323\/revisions\/326"}],"wp:featuredmedia":[{"embeddable":true,"href":"https:\/\/sinutagroup.com\/pt-pt\/wp-json\/wp\/v2\/media\/223"}],"wp:attachment":[{"href":"https:\/\/sinutagroup.com\/pt-pt\/wp-json\/wp\/v2\/media?parent=323"}],"curies":[{"name":"wp","href":"https:\/\/api.w.org\/{rel}","templated":true}]}}