{"id":334,"date":"2025-01-15T14:38:43","date_gmt":"2025-01-15T14:38:43","guid":{"rendered":"https:\/\/developweb.sinutagroup.com\/para-onde-vamos\/"},"modified":"2025-09-23T14:02:06","modified_gmt":"2025-09-23T14:02:06","slug":"inovacao","status":"publish","type":"page","link":"https:\/\/sinutagroup.com\/pt-pt\/inovacao\/","title":{"rendered":"Inova\u00e7\u00e3o"},"content":{"rendered":"","protected":false},"excerpt":{"rendered":"<p>Saiba para onde vamos! O Futuro \u00e9 o nosso Presente, \u00e9 por isso que temos um forte investimento em Investiga\u00e7\u00e3o &amp; Inova\u00e7\u00e3o. <\/p>\n","protected":false},"author":1,"featured_media":397,"parent":0,"menu_order":0,"comment_status":"closed","ping_status":"closed","template":"","meta":{"footnotes":""},"class_list":["post-334","page","type-page","status-publish","has-post-thumbnail","hentry"],"_links":{"self":[{"href":"https:\/\/sinutagroup.com\/pt-pt\/wp-json\/wp\/v2\/pages\/334","targetHints":{"allow":["GET"]}}],"collection":[{"href":"https:\/\/sinutagroup.com\/pt-pt\/wp-json\/wp\/v2\/pages"}],"about":[{"href":"https:\/\/sinutagroup.com\/pt-pt\/wp-json\/wp\/v2\/types\/page"}],"author":[{"embeddable":true,"href":"https:\/\/sinutagroup.com\/pt-pt\/wp-json\/wp\/v2\/users\/1"}],"replies":[{"embeddable":true,"href":"https:\/\/sinutagroup.com\/pt-pt\/wp-json\/wp\/v2\/comments?post=334"}],"version-history":[{"count":2,"href":"https:\/\/sinutagroup.com\/pt-pt\/wp-json\/wp\/v2\/pages\/334\/revisions"}],"predecessor-version":[{"id":426,"href":"https:\/\/sinutagroup.com\/pt-pt\/wp-json\/wp\/v2\/pages\/334\/revisions\/426"}],"wp:featuredmedia":[{"embeddable":true,"href":"https:\/\/sinutagroup.com\/pt-pt\/wp-json\/wp\/v2\/media\/397"}],"wp:attachment":[{"href":"https:\/\/sinutagroup.com\/pt-pt\/wp-json\/wp\/v2\/media?parent=334"}],"curies":[{"name":"wp","href":"https:\/\/api.w.org\/{rel}","templated":true}]}}