{"id":680,"date":"2025-02-25T14:06:52","date_gmt":"2025-02-25T14:06:52","guid":{"rendered":"https:\/\/developweb.sinutagroup.com\/antenas-dth-acessorios\/"},"modified":"2025-04-10T10:00:22","modified_gmt":"2025-04-10T10:00:22","slug":"antenas-dth-acessorios","status":"publish","type":"page","link":"https:\/\/sinutagroup.com\/pt-pt\/antenas-dth-acessorios\/","title":{"rendered":"Antenas DTH &amp; Acess\u00f3rios"},"content":{"rendered":"","protected":false},"excerpt":{"rendered":"<p>Antenas DTH de elevada qualidade, de 46 a 125 cm, assim como todos os acess\u00f3rios necess\u00e1rios para a instala\u00e7\u00e3o &#8211; Suportes, LNB, Cabo e Conectores.<\/p>\n","protected":false},"author":1,"featured_media":529,"parent":0,"menu_order":0,"comment_status":"closed","ping_status":"closed","template":"","meta":{"footnotes":""},"class_list":["post-680","page","type-page","status-publish","has-post-thumbnail","hentry"],"_links":{"self":[{"href":"https:\/\/sinutagroup.com\/pt-pt\/wp-json\/wp\/v2\/pages\/680","targetHints":{"allow":["GET"]}}],"collection":[{"href":"https:\/\/sinutagroup.com\/pt-pt\/wp-json\/wp\/v2\/pages"}],"about":[{"href":"https:\/\/sinutagroup.com\/pt-pt\/wp-json\/wp\/v2\/types\/page"}],"author":[{"embeddable":true,"href":"https:\/\/sinutagroup.com\/pt-pt\/wp-json\/wp\/v2\/users\/1"}],"replies":[{"embeddable":true,"href":"https:\/\/sinutagroup.com\/pt-pt\/wp-json\/wp\/v2\/comments?post=680"}],"version-history":[{"count":2,"href":"https:\/\/sinutagroup.com\/pt-pt\/wp-json\/wp\/v2\/pages\/680\/revisions"}],"predecessor-version":[{"id":830,"href":"https:\/\/sinutagroup.com\/pt-pt\/wp-json\/wp\/v2\/pages\/680\/revisions\/830"}],"wp:featuredmedia":[{"embeddable":true,"href":"https:\/\/sinutagroup.com\/pt-pt\/wp-json\/wp\/v2\/media\/529"}],"wp:attachment":[{"href":"https:\/\/sinutagroup.com\/pt-pt\/wp-json\/wp\/v2\/media?parent=680"}],"curies":[{"name":"wp","href":"https:\/\/api.w.org\/{rel}","templated":true}]}}