{"id":682,"date":"2025-03-04T16:04:25","date_gmt":"2025-03-04T16:04:25","guid":{"rendered":"https:\/\/developweb.sinutagroup.com\/antenas-planas\/"},"modified":"2025-04-10T10:01:44","modified_gmt":"2025-04-10T10:01:44","slug":"antenas-planas","status":"publish","type":"page","link":"https:\/\/sinutagroup.com\/pt-pt\/antenas-planas\/","title":{"rendered":"Antenas Planas"},"content":{"rendered":"","protected":false},"excerpt":{"rendered":"<p> O nosso portfolio de antenas planas inclui solu\u00e7\u00f5es para terminais, assegurando liga\u00e7\u00f5es seguras e fi\u00e1veis.<\/p>\n","protected":false},"author":1,"featured_media":529,"parent":0,"menu_order":0,"comment_status":"closed","ping_status":"closed","template":"","meta":{"footnotes":""},"class_list":["post-682","page","type-page","status-publish","has-post-thumbnail","hentry"],"_links":{"self":[{"href":"https:\/\/sinutagroup.com\/pt-pt\/wp-json\/wp\/v2\/pages\/682","targetHints":{"allow":["GET"]}}],"collection":[{"href":"https:\/\/sinutagroup.com\/pt-pt\/wp-json\/wp\/v2\/pages"}],"about":[{"href":"https:\/\/sinutagroup.com\/pt-pt\/wp-json\/wp\/v2\/types\/page"}],"author":[{"embeddable":true,"href":"https:\/\/sinutagroup.com\/pt-pt\/wp-json\/wp\/v2\/users\/1"}],"replies":[{"embeddable":true,"href":"https:\/\/sinutagroup.com\/pt-pt\/wp-json\/wp\/v2\/comments?post=682"}],"version-history":[{"count":1,"href":"https:\/\/sinutagroup.com\/pt-pt\/wp-json\/wp\/v2\/pages\/682\/revisions"}],"predecessor-version":[{"id":683,"href":"https:\/\/sinutagroup.com\/pt-pt\/wp-json\/wp\/v2\/pages\/682\/revisions\/683"}],"wp:featuredmedia":[{"embeddable":true,"href":"https:\/\/sinutagroup.com\/pt-pt\/wp-json\/wp\/v2\/media\/529"}],"wp:attachment":[{"href":"https:\/\/sinutagroup.com\/pt-pt\/wp-json\/wp\/v2\/media?parent=682"}],"curies":[{"name":"wp","href":"https:\/\/api.w.org\/{rel}","templated":true}]}}