{"id":684,"date":"2025-02-24T15:56:41","date_gmt":"2025-02-24T15:56:41","guid":{"rendered":"https:\/\/developweb.sinutagroup.com\/vsat-ist\/"},"modified":"2025-04-15T14:44:11","modified_gmt":"2025-04-15T14:44:11","slug":"vsat-ist","status":"publish","type":"page","link":"https:\/\/sinutagroup.com\/pt-pt\/vsat-ist\/","title":{"rendered":"VSAT &amp; IST"},"content":{"rendered":"","protected":false},"excerpt":{"rendered":"<p>Antenas VSAT &amp; IST para comunica\u00e7\u00f5es por sat\u00e9lite bidirecionais. Antenas VSAT com 75, 100 e 120 cm. Antenas IST com Type Approval pela Eutelsat.  <\/p>\n","protected":false},"author":1,"featured_media":529,"parent":0,"menu_order":0,"comment_status":"closed","ping_status":"closed","template":"","meta":{"footnotes":""},"class_list":["post-684","page","type-page","status-publish","has-post-thumbnail","hentry"],"_links":{"self":[{"href":"https:\/\/sinutagroup.com\/pt-pt\/wp-json\/wp\/v2\/pages\/684","targetHints":{"allow":["GET"]}}],"collection":[{"href":"https:\/\/sinutagroup.com\/pt-pt\/wp-json\/wp\/v2\/pages"}],"about":[{"href":"https:\/\/sinutagroup.com\/pt-pt\/wp-json\/wp\/v2\/types\/page"}],"author":[{"embeddable":true,"href":"https:\/\/sinutagroup.com\/pt-pt\/wp-json\/wp\/v2\/users\/1"}],"replies":[{"embeddable":true,"href":"https:\/\/sinutagroup.com\/pt-pt\/wp-json\/wp\/v2\/comments?post=684"}],"version-history":[{"count":1,"href":"https:\/\/sinutagroup.com\/pt-pt\/wp-json\/wp\/v2\/pages\/684\/revisions"}],"predecessor-version":[{"id":685,"href":"https:\/\/sinutagroup.com\/pt-pt\/wp-json\/wp\/v2\/pages\/684\/revisions\/685"}],"wp:featuredmedia":[{"embeddable":true,"href":"https:\/\/sinutagroup.com\/pt-pt\/wp-json\/wp\/v2\/media\/529"}],"wp:attachment":[{"href":"https:\/\/sinutagroup.com\/pt-pt\/wp-json\/wp\/v2\/media?parent=684"}],"curies":[{"name":"wp","href":"https:\/\/api.w.org\/{rel}","templated":true}]}}