{"id":686,"date":"2025-01-15T17:26:42","date_gmt":"2025-01-15T17:26:42","guid":{"rendered":"https:\/\/developweb.sinutagroup.com\/satelite-espaco\/"},"modified":"2025-09-23T13:59:15","modified_gmt":"2025-09-23T13:59:15","slug":"satelite-espaco","status":"publish","type":"page","link":"https:\/\/sinutagroup.com\/pt-pt\/satelite-espaco\/","title":{"rendered":"Sat\u00e9lite &amp; Espa\u00e7o"},"content":{"rendered":"","protected":false},"excerpt":{"rendered":"<p>A Sinuta trabalha no setor de sat\u00e9lite desde h\u00e1 30 anos, produzindo atualmente Antenas DTH, VSAT e Planas.<\/p>\n","protected":false},"author":1,"featured_media":205,"parent":0,"menu_order":0,"comment_status":"closed","ping_status":"closed","template":"","meta":{"footnotes":""},"class_list":["post-686","page","type-page","status-publish","has-post-thumbnail","hentry"],"_links":{"self":[{"href":"https:\/\/sinutagroup.com\/pt-pt\/wp-json\/wp\/v2\/pages\/686","targetHints":{"allow":["GET"]}}],"collection":[{"href":"https:\/\/sinutagroup.com\/pt-pt\/wp-json\/wp\/v2\/pages"}],"about":[{"href":"https:\/\/sinutagroup.com\/pt-pt\/wp-json\/wp\/v2\/types\/page"}],"author":[{"embeddable":true,"href":"https:\/\/sinutagroup.com\/pt-pt\/wp-json\/wp\/v2\/users\/1"}],"replies":[{"embeddable":true,"href":"https:\/\/sinutagroup.com\/pt-pt\/wp-json\/wp\/v2\/comments?post=686"}],"version-history":[{"count":1,"href":"https:\/\/sinutagroup.com\/pt-pt\/wp-json\/wp\/v2\/pages\/686\/revisions"}],"predecessor-version":[{"id":687,"href":"https:\/\/sinutagroup.com\/pt-pt\/wp-json\/wp\/v2\/pages\/686\/revisions\/687"}],"wp:featuredmedia":[{"embeddable":true,"href":"https:\/\/sinutagroup.com\/pt-pt\/wp-json\/wp\/v2\/media\/205"}],"wp:attachment":[{"href":"https:\/\/sinutagroup.com\/pt-pt\/wp-json\/wp\/v2\/media?parent=686"}],"curies":[{"name":"wp","href":"https:\/\/api.w.org\/{rel}","templated":true}]}}